{"id":1540,"date":"2023-11-22T22:09:32","date_gmt":"2023-11-22T22:09:32","guid":{"rendered":"https:\/\/ecobikenet.com\/o-programu\/"},"modified":"2023-11-22T22:09:32","modified_gmt":"2023-11-22T22:09:32","slug":"o-programu","status":"publish","type":"page","link":"https:\/\/ecobikenet.com\/sr\/o-programu\/","title":{"rendered":"O PROGRAMU"},"content":{"rendered":"\t\t<div data-elementor-type=\"wp-page\" data-elementor-id=\"1540\" class=\"elementor elementor-1540 elementor-5\" data-elementor-post-type=\"page\">\n\t\t\t\t\t\t\t\t\t<section class=\"elementor-section elementor-top-section elementor-element elementor-element-2a8bdaa3 elementor-section-full_width elementor-section-height-min-height elementor-section-items-stretch elementor-section-height-default\" data-id=\"2a8bdaa3\" data-element_type=\"section\" data-settings=\"{&quot;background_background&quot;:&quot;classic&quot;,&quot;background_motion_fx_motion_fx_scrolling&quot;:&quot;yes&quot;,&quot;background_motion_fx_devices&quot;:[&quot;desktop&quot;,&quot;tablet&quot;,&quot;mobile&quot;]}\">\n\t\t\t\t\t\t\t<div class=\"elementor-background-overlay\"><\/div>\n\t\t\t\t\t\t\t<div class=\"elementor-container elementor-column-gap-no\">\n\t\t\t\t\t<div class=\"elementor-column elementor-col-100 elementor-top-column elementor-element elementor-element-56d104f8\" data-id=\"56d104f8\" data-element_type=\"column\">\n\t\t\t<div class=\"elementor-widget-wrap elementor-element-populated\">\n\t\t\t\t\t\t\t\t<div class=\"elementor-element elementor-element-7d2754eb elementor-widget elementor-widget-heading\" data-id=\"7d2754eb\" data-element_type=\"widget\" data-widget_type=\"heading.default\">\n\t\t\t\t<div class=\"elementor-widget-container\">\n\t\t\t<style>\/*! elementor - v3.17.0 - 08-11-2023 *\/\n.elementor-heading-title{padding:0;margin:0;line-height:1}.elementor-widget-heading .elementor-heading-title[class*=elementor-size-]>a{color:inherit;font-size:inherit;line-height:inherit}.elementor-widget-heading .elementor-heading-title.elementor-size-small{font-size:15px}.elementor-widget-heading .elementor-heading-title.elementor-size-medium{font-size:19px}.elementor-widget-heading .elementor-heading-title.elementor-size-large{font-size:29px}.elementor-widget-heading .elementor-heading-title.elementor-size-xl{font-size:39px}.elementor-widget-heading .elementor-heading-title.elementor-size-xxl{font-size:59px}<\/style><h2 class=\"elementor-heading-title elementor-size-default\">O PROGRAMU<\/h2>\t\t<\/div>\n\t\t\t\t<\/div>\n\t\t\t\t<div class=\"elementor-element elementor-element-3fbe5262 elementor-absolute elementor-view-default elementor-invisible elementor-widget elementor-widget-icon\" data-id=\"3fbe5262\" data-element_type=\"widget\" data-settings=\"{&quot;_position&quot;:&quot;absolute&quot;,&quot;_animation&quot;:&quot;slideInDown&quot;}\" data-widget_type=\"icon.default\">\n\t\t\t\t<div class=\"elementor-widget-container\">\n\t\t\t\t\t<div class=\"elementor-icon-wrapper\">\n\t\t\t<a class=\"elementor-icon elementor-animation-sink\" href=\"#next\">\n\t\t\t\t\t\t<\/a>\n\t\t<\/div>\n\t\t\t\t<\/div>\n\t\t\t\t<\/div>\n\t\t\t\t\t<\/div>\n\t\t<\/div>\n\t\t\t\t\t\t\t<\/div>\n\t\t<\/section>\n\t\t\t\t<section class=\"elementor-section elementor-top-section elementor-element elementor-element-4803d2cf elementor-section-boxed elementor-section-height-default elementor-section-height-default\" data-id=\"4803d2cf\" data-element_type=\"section\">\n\t\t\t\t\t\t<div class=\"elementor-container elementor-column-gap-default\">\n\t\t\t\t\t<div class=\"elementor-column elementor-col-100 elementor-top-column elementor-element elementor-element-1989487c\" data-id=\"1989487c\" data-element_type=\"column\">\n\t\t\t<div class=\"elementor-widget-wrap elementor-element-populated\">\n\t\t\t\t\t\t\t\t<div class=\"elementor-element elementor-element-21c2cde elementor-widget elementor-widget-text-editor\" data-id=\"21c2cde\" data-element_type=\"widget\" data-widget_type=\"text-editor.default\">\n\t\t\t\t<div class=\"elementor-widget-container\">\n\t\t\t<style>\/*! elementor - v3.17.0 - 08-11-2023 *\/\n.elementor-widget-text-editor.elementor-drop-cap-view-stacked .elementor-drop-cap{background-color:#69727d;color:#fff}.elementor-widget-text-editor.elementor-drop-cap-view-framed .elementor-drop-cap{color:#69727d;border:3px solid;background-color:transparent}.elementor-widget-text-editor:not(.elementor-drop-cap-view-default) .elementor-drop-cap{margin-top:8px}.elementor-widget-text-editor:not(.elementor-drop-cap-view-default) .elementor-drop-cap-letter{width:1em;height:1em}.elementor-widget-text-editor .elementor-drop-cap{float:left;text-align:center;line-height:1;font-size:50px}.elementor-widget-text-editor .elementor-drop-cap-letter{display:inline-block}<\/style>\t\t\t\t<h4>O PROGRAMU INTERREG-IPA CBC MA\u0110ARSKA-SRBIJA<\/h4>\n<p>Interreg\u2013IPA program prekograni\u010dne saradnje Ma\u0111arska-Srbija implementira se u okviru finansijskog perioda 2014-2020 Evropske unije, putem Instrumenta za pretpristupnu pomo\u0107 (IPA). Po principu \u201ezajedni\u010dkog sistema upravljanja\u201c zemalja u\u010desnica \u2013 Ma\u0111arske i Srbije, program finansira i podr\u017eava projekte saradnje organizacija iz Programske oblasti \u2013 okruga \u010congrad (Csongr\u00e1d) i Ba\u010d-Ki\u0161kun (B\u00e1cs-Kiskun) u Ma\u0111arskoj i okruga Zapadna Ba\u010dka, Severna Ba\u010dka, Ju\u017ena Ba\u010dka, Severni Banat, Srednji Banat, Ju\u017eni Banat i Srem u Srbiji. Program poma\u017ee razvoj i stabilnost pograni\u010dnog regiona, unapre\u0111uje op\u0161ti kvalitet \u017eivota u njemu. Omogu\u0107ava ekonomsku saradnju organizacija iz ove dve zemlje, neguje zajedni\u010dki identitet, kulturno i istorijsko nasle\u0111e pograni\u010dnog regiona i doprinosi njegovoj ekolo\u0161koj odr\u017eivosti i sigurnosti. Za vi\u0161e informacija, molimo posetite internet stranicu Programa: <a href=\"http:\/\/www.interreg-ipa-husrb.com\">www.interreg-ipa-husrb.com<\/a><\/p>\t\t\t\t\t\t<\/div>\n\t\t\t\t<\/div>\n\t\t\t\t\t<\/div>\n\t\t<\/div>\n\t\t\t\t\t\t\t<\/div>\n\t\t<\/section>\n\t\t\t\t<section class=\"elementor-section elementor-top-section elementor-element elementor-element-67366cb elementor-section-boxed elementor-section-height-default elementor-section-height-default\" data-id=\"67366cb\" data-element_type=\"section\">\n\t\t\t\t\t\t<div class=\"elementor-container elementor-column-gap-default\">\n\t\t\t\t\t<div class=\"elementor-column elementor-col-50 elementor-top-column elementor-element elementor-element-7a38e37\" data-id=\"7a38e37\" data-element_type=\"column\">\n\t\t\t<div class=\"elementor-widget-wrap elementor-element-populated\">\n\t\t\t\t\t\t\t\t<div class=\"elementor-element elementor-element-d41ffb9 elementor-widget__width-initial elementor-widget elementor-widget-text-editor\" data-id=\"d41ffb9\" data-element_type=\"widget\" data-widget_type=\"text-editor.default\">\n\t\t\t\t<div class=\"elementor-widget-container\">\n\t\t\t\t\t\t\t<h4>ULOGA PARTNERA U SRBIJI<\/h4>\n<p>Osnovne aktivnosti partnera u Srbiji su priprema projektno-tehni\u010dke dokumentacije za izgradnju biciklisti\u010dke staze u du\u017eini od oko 14,8 km, odnosno njena turisti\u010dka signalizacija na deonici me\u0111unarodne rute EV 11 u Vojvodini. Velika pa\u017enja se poklanja prate\u0107im aktivnostima na razvoju svesti javnosti i promociji biciklisti\u010dkog turizma, istovremeno favorizuju\u0107i posete za\u0161ti\u0107enim podru\u010djima.<\/p>\n<p>Projektno tehni\u010dka dokumentacija bi\u0107e izra\u0111ena za slede\u0107e deonice EV 11 rute na srpskoj strani:<\/p>\n<p>Deonica I<\/p><p>Biciklisti\u010dka ruta ide du\u017e dr\u017eavnog puta IB linijom 13, od grani\u010dnog prelaza Horgo\u0161a do raskrsnice na ulicama Kamara\u0161ki i Bartok Bele u naselju Horgo\u0161, u du\u017eini od oko 1,4 km;<\/p>\n<p>Deonica II<\/p><p>Biciklisti\u010dka ruta ide du\u017e dr\u017eavnog puta IB linijom 13 od raskrsnice ulica Kamara\u0161ki i Bartok Bele do kru\u017enog toka u Horgo\u0161u (raskrsnica Velike, Bartok Bele i \u017delezni\u010dke ulice sa dr\u017eavnim putem IB broj 13), u du\u017eini od oko 1,1 km;<\/p>\n<p>Deonica III<\/p><p>Biciklisti\u010dka ruta ide trasom dr\u017eavnog puta IB -13, od raskrsnice puta IB-13 i ulice Oslobo\u0111enja (izlaz iz naselja Horgo\u0161) do raskrsnice puta IB-13 sa Gagarinovom ulicom u Kanji\u017ei. Du\u017eina deonice je oko 8,2km.;<\/p>\n<p class=\"MsoNormal\">Deonica IVa<o:p><\/o:p><\/p>\n<p class=\"MsoNormal\">Polaze\u0107i od trase dr\u017eavnog puta 119.1 od Vi\u0161njevca do \u010cantavira, po\u010dev od raskrsnice u ulici Mar\u0161ala Tita i seoskog puta prema Oromu, do raskrsnice ulice Mar\u0161ala Tita i Pionirske ulice u \u010cantaviru. Ukupna du\u017eina: 2,1km;<o:p><\/o:p><\/p>\n<p class=\"MsoNormal\">Deonica IVb<o:p><\/o:p><\/p>\n<p><\/p>\n<p class=\"MsoNormal\">Od trase dr\u017eavnog puta 303 u \u010cantaviru, po\u010dev od ulice Mar\u0161ala Tita i raskrsnice u Srbobranskoj ulici do raskrsnice ulice Mar\u0161ala Tita i Nikole Tesle. Ukupna du\u017eina: 1 km.<o:p><\/o:p><\/p>\n<p>Deonice koje \u0107e biti obuhva\u0107ene projektno-tehni\u010dkom dokumentacijom u Srbiji.<\/p>\t\t\t\t\t\t<\/div>\n\t\t\t\t<\/div>\n\t\t\t\t\t<\/div>\n\t\t<\/div>\n\t\t\t\t<div class=\"elementor-column elementor-col-50 elementor-top-column elementor-element elementor-element-82ddda5\" data-id=\"82ddda5\" data-element_type=\"column\">\n\t\t\t<div class=\"elementor-widget-wrap elementor-element-populated\">\n\t\t\t\t\t\t\t\t<div class=\"elementor-element elementor-element-8109381 elementor-widget elementor-widget-text-editor\" data-id=\"8109381\" data-element_type=\"widget\" data-widget_type=\"text-editor.default\">\n\t\t\t\t<div class=\"elementor-widget-container\">\n\t\t\t\t\t\t\t<h4>ULOGA PARTNERA U MA\u0110ARSKOJ<\/h4>\n<p>U Ma\u0111arskoj se projektne aktivnosti odnose na pripremu projektno-tehni\u010dke dokumentacije za izgradnju biciklisti\u010dke staze koja \u0107e povezati nekoliko pograni\u010dnih naselja.<\/p>\n<p>Projektno tehni\u010dka dokumentacija bi\u0107e izra\u0111ena za slede\u0107e deonice u Ma\u0111arskoj, od naselja Sentmihalj do naselja Reske, a kao dvostrane biciklisti\u010dke staze.<\/p>\n<p>Slika 4<br>Deonice koje \u0107e biti obuhva\u0107ene projektno-tehni\u010dkom dokumentacijom u Ma\u0111arskoj <\/p>\t\t\t\t\t\t<\/div>\n\t\t\t\t<\/div>\n\t\t\t\t<div class=\"elementor-element elementor-element-f0bfbc3 elementor-widget elementor-widget-image\" data-id=\"f0bfbc3\" data-element_type=\"widget\" data-widget_type=\"image.default\">\n\t\t\t\t<div class=\"elementor-widget-container\">\n\t\t\t<style>\/*! elementor - v3.17.0 - 08-11-2023 *\/\n.elementor-widget-image{text-align:center}.elementor-widget-image a{display:inline-block}.elementor-widget-image a img[src$=\".svg\"]{width:48px}.elementor-widget-image img{vertical-align:middle;display:inline-block}<\/style>\t\t\t\t\t\t\t\t\t\t\t\t<img loading=\"lazy\" decoding=\"async\" width=\"732\" height=\"510\" src=\"https:\/\/ecobikenet.com\/wp-content\/uploads\/2022\/07\/Broshura-SRB_6.jpg\" class=\"attachment-large size-large wp-image-623\" alt=\"\" srcset=\"https:\/\/ecobikenet.com\/wp-content\/uploads\/2022\/07\/Broshura-SRB_6.jpg 732w, https:\/\/ecobikenet.com\/wp-content\/uploads\/2022\/07\/Broshura-SRB_6-300x209.jpg 300w\" sizes=\"auto, (max-width: 732px) 100vw, 732px\" \/>\t\t\t\t\t\t\t\t\t\t\t\t\t\t\t<\/div>\n\t\t\t\t<\/div>\n\t\t\t\t<div class=\"elementor-element elementor-element-af49a8b elementor-widget elementor-widget-image\" data-id=\"af49a8b\" data-element_type=\"widget\" data-widget_type=\"image.default\">\n\t\t\t\t<div class=\"elementor-widget-container\">\n\t\t\t\t\t\t\t\t\t\t\t\t\t\t\t<img loading=\"lazy\" decoding=\"async\" width=\"731\" height=\"643\" src=\"https:\/\/ecobikenet.com\/wp-content\/uploads\/2022\/07\/Broshura-SRB_5.jpg\" class=\"attachment-large size-large wp-image-644\" alt=\"\" srcset=\"https:\/\/ecobikenet.com\/wp-content\/uploads\/2022\/07\/Broshura-SRB_5.jpg 731w, https:\/\/ecobikenet.com\/wp-content\/uploads\/2022\/07\/Broshura-SRB_5-300x264.jpg 300w\" sizes=\"auto, (max-width: 731px) 100vw, 731px\" \/>\t\t\t\t\t\t\t\t\t\t\t\t\t\t\t<\/div>\n\t\t\t\t<\/div>\n\t\t\t\t\t<\/div>\n\t\t<\/div>\n\t\t\t\t\t\t\t<\/div>\n\t\t<\/section>\n\t\t\t\t\t\t\t<\/div>\n\t\t","protected":false},"excerpt":{"rendered":"<p>O PROGRAMU O PROGRAMU INTERREG-IPA CBC MA\u0110ARSKA-SRBIJA Interreg\u2013IPA program prekograni\u010dne saradnje Ma\u0111arska-Srbija implementira se u okviru finansijskog perioda 2014-2020 Evropske unije, putem Instrumenta za pretpristupnu pomo\u0107 (IPA). Po principu \u201ezajedni\u010dkog sistema upravljanja\u201c zemalja u\u010desnica \u2013 Ma\u0111arske i Srbije, program finansira i podr\u017eava projekte saradnje organizacija iz Programske oblasti \u2013 okruga \u010congrad (Csongr\u00e1d) i Ba\u010d-Ki\u0161kun (B\u00e1cs-Kiskun) &hellip;<\/p>\n<p class=\"read-more\"> <a class=\"\" href=\"https:\/\/ecobikenet.com\/sr\/o-programu\/\"> <span class=\"screen-reader-text\">O PROGRAMU<\/span> Read More \u00bb<\/a><\/p>\n","protected":false},"author":2,"featured_media":0,"parent":0,"menu_order":0,"comment_status":"closed","ping_status":"closed","template":"","meta":{"_uag_custom_page_level_css":"","site-sidebar-layout":"no-sidebar","site-content-layout":"page-builder","ast-site-content-layout":"","site-content-style":"default","site-sidebar-style":"default","ast-global-header-display":"","ast-banner-title-visibility":"","ast-main-header-display":"","ast-hfb-above-header-display":"","ast-hfb-below-header-display":"","ast-hfb-mobile-header-display":"","site-post-title":"disabled","ast-breadcrumbs-content":"","ast-featured-img":"disabled","footer-sml-layout":"","theme-transparent-header-meta":"enabled","adv-header-id-meta":"","stick-header-meta":"","header-above-stick-meta":"","header-main-stick-meta":"","header-below-stick-meta":"","astra-migrate-meta-layouts":"","ast-page-background-enabled":"default","ast-page-background-meta":{"desktop":{"background-color":"","background-image":"","background-repeat":"repeat","background-position":"center center","background-size":"auto","background-attachment":"scroll","background-type":"","background-media":"","overlay-type":"","overlay-color":"","overlay-gradient":""},"tablet":{"background-color":"","background-image":"","background-repeat":"repeat","background-position":"center center","background-size":"auto","background-attachment":"scroll","background-type":"","background-media":"","overlay-type":"","overlay-color":"","overlay-gradient":""},"mobile":{"background-color":"","background-image":"","background-repeat":"repeat","background-position":"center center","background-size":"auto","background-attachment":"scroll","background-type":"","background-media":"","overlay-type":"","overlay-color":"","overlay-gradient":""}},"ast-content-background-meta":{"desktop":{"background-color":"var(--ast-global-color-5)","background-image":"","background-repeat":"repeat","background-position":"center center","background-size":"auto","background-attachment":"scroll","background-type":"","background-media":"","overlay-type":"","overlay-color":"","overlay-gradient":""},"tablet":{"background-color":"var(--ast-global-color-5)","background-image":"","background-repeat":"repeat","background-position":"center center","background-size":"auto","background-attachment":"scroll","background-type":"","background-media":"","overlay-type":"","overlay-color":"","overlay-gradient":""},"mobile":{"background-color":"var(--ast-global-color-5)","background-image":"","background-repeat":"repeat","background-position":"center center","background-size":"auto","background-attachment":"scroll","background-type":"","background-media":"","overlay-type":"","overlay-color":"","overlay-gradient":""}},"footnotes":""},"class_list":["post-1540","page","type-page","status-publish","hentry"],"uagb_featured_image_src":{"full":false,"thumbnail":false,"medium":false,"medium_large":false,"large":false,"1536x1536":false,"2048x2048":false},"uagb_author_info":{"display_name":"Pettra","author_link":"https:\/\/ecobikenet.com\/sr\/author\/pettra_veladvisor\/"},"uagb_comment_info":0,"uagb_excerpt":"O PROGRAMU O PROGRAMU INTERREG-IPA CBC MA\u0110ARSKA-SRBIJA Interreg\u2013IPA program prekograni\u010dne saradnje Ma\u0111arska-Srbija implementira se u okviru finansijskog perioda 2014-2020 Evropske unije, putem Instrumenta za pretpristupnu pomo\u0107 (IPA). Po principu \u201ezajedni\u010dkog sistema upravljanja\u201c zemalja u\u010desnica \u2013 Ma\u0111arske i Srbije, program finansira i podr\u017eava projekte saradnje organizacija iz Programske oblasti \u2013 okruga \u010congrad (Csongr\u00e1d) i Ba\u010d-Ki\u0161kun (B\u00e1cs-Kiskun)&hellip;","_links":{"self":[{"href":"https:\/\/ecobikenet.com\/sr\/wp-json\/wp\/v2\/pages\/1540","targetHints":{"allow":["GET"]}}],"collection":[{"href":"https:\/\/ecobikenet.com\/sr\/wp-json\/wp\/v2\/pages"}],"about":[{"href":"https:\/\/ecobikenet.com\/sr\/wp-json\/wp\/v2\/types\/page"}],"author":[{"embeddable":true,"href":"https:\/\/ecobikenet.com\/sr\/wp-json\/wp\/v2\/users\/2"}],"replies":[{"embeddable":true,"href":"https:\/\/ecobikenet.com\/sr\/wp-json\/wp\/v2\/comments?post=1540"}],"version-history":[{"count":1,"href":"https:\/\/ecobikenet.com\/sr\/wp-json\/wp\/v2\/pages\/1540\/revisions"}],"predecessor-version":[{"id":1541,"href":"https:\/\/ecobikenet.com\/sr\/wp-json\/wp\/v2\/pages\/1540\/revisions\/1541"}],"wp:attachment":[{"href":"https:\/\/ecobikenet.com\/sr\/wp-json\/wp\/v2\/media?parent=1540"}],"curies":[{"name":"wp","href":"https:\/\/api.w.org\/{rel}","templated":true}]}}