{"id":1617,"date":"2023-11-22T23:42:48","date_gmt":"2023-11-22T23:42:48","guid":{"rendered":"https:\/\/ecobikenet.com\/about\/"},"modified":"2023-11-22T23:42:48","modified_gmt":"2023-11-22T23:42:48","slug":"about","status":"publish","type":"page","link":"https:\/\/ecobikenet.com\/hu\/about\/","title":{"rendered":"About"},"content":{"rendered":"\t\t<div data-elementor-type=\"wp-page\" data-elementor-id=\"1617\" class=\"elementor elementor-1617 elementor-5\" data-elementor-post-type=\"page\">\n\t\t\t\t\t\t\t\t\t<section class=\"elementor-section elementor-top-section elementor-element elementor-element-2a8bdaa3 elementor-section-full_width elementor-section-height-min-height elementor-section-items-stretch elementor-section-height-default\" data-id=\"2a8bdaa3\" data-element_type=\"section\" data-settings=\"{&quot;background_background&quot;:&quot;classic&quot;,&quot;background_motion_fx_motion_fx_scrolling&quot;:&quot;yes&quot;,&quot;background_motion_fx_devices&quot;:[&quot;desktop&quot;,&quot;tablet&quot;,&quot;mobile&quot;]}\">\n\t\t\t\t\t\t\t<div class=\"elementor-background-overlay\"><\/div>\n\t\t\t\t\t\t\t<div class=\"elementor-container elementor-column-gap-no\">\n\t\t\t\t\t<div class=\"elementor-column elementor-col-100 elementor-top-column elementor-element elementor-element-56d104f8\" data-id=\"56d104f8\" data-element_type=\"column\">\n\t\t\t<div class=\"elementor-widget-wrap elementor-element-populated\">\n\t\t\t\t\t\t\t\t<div class=\"elementor-element elementor-element-7d2754eb elementor-widget elementor-widget-heading\" data-id=\"7d2754eb\" data-element_type=\"widget\" data-widget_type=\"heading.default\">\n\t\t\t\t<div class=\"elementor-widget-container\">\n\t\t\t<style>\/*! elementor - v3.17.0 - 08-11-2023 *\/\n.elementor-heading-title{padding:0;margin:0;line-height:1}.elementor-widget-heading .elementor-heading-title[class*=elementor-size-]>a{color:inherit;font-size:inherit;line-height:inherit}.elementor-widget-heading .elementor-heading-title.elementor-size-small{font-size:15px}.elementor-widget-heading .elementor-heading-title.elementor-size-medium{font-size:19px}.elementor-widget-heading .elementor-heading-title.elementor-size-large{font-size:29px}.elementor-widget-heading .elementor-heading-title.elementor-size-xl{font-size:39px}.elementor-widget-heading .elementor-heading-title.elementor-size-xxl{font-size:59px}<\/style><h2 class=\"elementor-heading-title elementor-size-default\">About<\/h2>\t\t<\/div>\n\t\t\t\t<\/div>\n\t\t\t\t<div class=\"elementor-element elementor-element-3fbe5262 elementor-absolute elementor-view-default elementor-invisible elementor-widget elementor-widget-icon\" data-id=\"3fbe5262\" data-element_type=\"widget\" data-settings=\"{&quot;_position&quot;:&quot;absolute&quot;,&quot;_animation&quot;:&quot;slideInDown&quot;}\" data-widget_type=\"icon.default\">\n\t\t\t\t<div class=\"elementor-widget-container\">\n\t\t\t\t\t<div class=\"elementor-icon-wrapper\">\n\t\t\t<a class=\"elementor-icon elementor-animation-sink\" href=\"#next\">\n\t\t\t\t\t\t<\/a>\n\t\t<\/div>\n\t\t\t\t<\/div>\n\t\t\t\t<\/div>\n\t\t\t\t\t<\/div>\n\t\t<\/div>\n\t\t\t\t\t\t\t<\/div>\n\t\t<\/section>\n\t\t\t\t<section class=\"elementor-section elementor-top-section elementor-element elementor-element-4803d2cf elementor-section-boxed elementor-section-height-default elementor-section-height-default\" data-id=\"4803d2cf\" data-element_type=\"section\">\n\t\t\t\t\t\t<div class=\"elementor-container elementor-column-gap-default\">\n\t\t\t\t\t<div class=\"elementor-column elementor-col-100 elementor-top-column elementor-element elementor-element-1989487c\" data-id=\"1989487c\" data-element_type=\"column\">\n\t\t\t<div class=\"elementor-widget-wrap elementor-element-populated\">\n\t\t\t\t\t\t\t\t<div class=\"elementor-element elementor-element-21c2cde elementor-widget elementor-widget-text-editor\" data-id=\"21c2cde\" data-element_type=\"widget\" data-widget_type=\"text-editor.default\">\n\t\t\t\t<div class=\"elementor-widget-container\">\n\t\t\t<style>\/*! elementor - v3.17.0 - 08-11-2023 *\/\n.elementor-widget-text-editor.elementor-drop-cap-view-stacked .elementor-drop-cap{background-color:#69727d;color:#fff}.elementor-widget-text-editor.elementor-drop-cap-view-framed .elementor-drop-cap{color:#69727d;border:3px solid;background-color:transparent}.elementor-widget-text-editor:not(.elementor-drop-cap-view-default) .elementor-drop-cap{margin-top:8px}.elementor-widget-text-editor:not(.elementor-drop-cap-view-default) .elementor-drop-cap-letter{width:1em;height:1em}.elementor-widget-text-editor .elementor-drop-cap{float:left;text-align:center;line-height:1;font-size:50px}.elementor-widget-text-editor .elementor-drop-cap-letter{display:inline-block}<\/style>\t\t\t\t<h4>Az INTERREG-IPA CBC MAGYARORSZ\u00c1G-SZERBIA PROGRAMJ\u00c1R\u00d3L<\/h4>\n<p>Az Interreg-IPA hat\u00e1ron \u00e1tny\u00fal\u00f3 Magyarorsz\u00e1g-Szerbia egy\u00fcttm\u0171k\u00f6d\u00e9si program az Eur\u00f3pai Uni\u00f3 2014-2020 k\u00f6z\u00f6tti p\u00e9nz\u00fcgyi id\u0151szak\u00e1ban, az El\u0151csatlakoz\u00e1si T\u00e1mogat\u00e1si Eszk\u00f6z\u00f6n (IPA) kereszt\u00fcl val\u00f3sul meg. Az Interreg-IPA hat\u00e1ron \u00e1tny\u00fal\u00f3 Magyarorsz\u00e1g-Szerbia egy\u00fcttm\u0171k\u00f6d\u00e9si program az Eur\u00f3pai Uni\u00f3 2014-2020 k\u00f6z\u00f6tti p\u00e9nz\u00fcgyi id\u0151szak\u00e1ban, az El\u0151csatlakoz\u00e1si T\u00e1mogat\u00e1si Eszk\u00f6z\u00f6n (IPA) kereszt\u00fcl val\u00f3sul meg. A programban a r\u00e9szt vev\u0151 orsz\u00e1gok \u2013 Magyarorsz\u00e1g \u00e9s Szerbia \u2013 \u201ek\u00f6z\u00f6s ir\u00e1ny\u00edt\u00e1si rendszer\u00e9nek\u201d elve szerint a Programter\u00fclet \u2013 a magyarorsz\u00e1gi Csongr\u00e1d \u00e9s B\u00e1cs-Kiskun, valamint Szerbia ter\u00fclet\u00e9n a Nyugat-B\u00e1cska, \u00c9szak-B\u00e1cska, D\u00e9l-B\u00e1cska, \u00c9szak-B\u00e1n\u00e1t, K\u00f6z\u00e9p-B\u00e1n\u00e1t, D\u00e9l-B\u00e1n\u00e1t \u00e9s Szer\u00e9ms\u00e9g, ezen szervezetek egy\u00fcttm\u0171k\u00f6d\u00e9si projektjeit finansz\u00edrozza \u00e9s t\u00e1mogatja. A program seg\u00edti a hat\u00e1r menti r\u00e9gi\u00f3 fejl\u0151d\u00e9s\u00e9t, stabilit\u00e1s\u00e1t, jav\u00edtja az ottani \u00e1ltal\u00e1nos \u00e9letmin\u0151s\u00e9get, gazdas\u00e1gi egy\u00fcttm\u0171k\u00f6d\u00e9st tesz lehet\u0151v\u00e9 e k\u00e9t orsz\u00e1g szervezetei k\u00f6z\u00f6tt, \u00e1polja a hat\u00e1rr\u00e9gi\u00f3 k\u00f6z\u00f6s identit\u00e1s\u00e1t, kultur\u00e1lis \u00e9s t\u00f6rt\u00e9nelmi \u00f6r\u00f6ks\u00e9g\u00e9t, hozz\u00e1j\u00e1rul k\u00f6rnyezeti fenntarthat\u00f3s\u00e1g\u00e1hoz \u00e9s a biztons\u00e1g\u00e1hoz. Tov\u00e1bbi inform\u00e1ci\u00f3\u00e9rt l\u00e1togasson el a Program weboldal\u00e1ra: <a href=\"http:\/\/www.interreg-ipa-husrb.com\">www.interreg-ipa-husrb.com<\/a><\/p>\t\t\t\t\t\t<\/div>\n\t\t\t\t<\/div>\n\t\t\t\t\t<\/div>\n\t\t<\/div>\n\t\t\t\t\t\t\t<\/div>\n\t\t<\/section>\n\t\t\t\t<section class=\"elementor-section elementor-top-section elementor-element elementor-element-67366cb elementor-section-boxed elementor-section-height-default elementor-section-height-default\" data-id=\"67366cb\" data-element_type=\"section\">\n\t\t\t\t\t\t<div class=\"elementor-container elementor-column-gap-default\">\n\t\t\t\t\t<div class=\"elementor-column elementor-col-50 elementor-top-column elementor-element elementor-element-7a38e37\" data-id=\"7a38e37\" data-element_type=\"column\">\n\t\t\t<div class=\"elementor-widget-wrap elementor-element-populated\">\n\t\t\t\t\t\t\t\t<div class=\"elementor-element elementor-element-d41ffb9 elementor-widget__width-initial elementor-widget elementor-widget-text-editor\" data-id=\"d41ffb9\" data-element_type=\"widget\" data-widget_type=\"text-editor.default\">\n\t\t\t\t<div class=\"elementor-widget-container\">\n\t\t\t\t\t\t\t<h4>A PARTNEREK SZEREPE SZERBI\u00c1BAN<\/h4>\n<p>A partnerek f\u0151 tev\u00e9kenys\u00e9ge Szerbi\u00e1ban az EV 11 nemzetk\u00f6zi \u00fatvonal vajdas\u00e1gi szakasz\u00e1n mintegy 14,8 km hossz\u00fa ker\u00e9kp\u00e1r\u00fat, azaz turisztikai jelz\u00e9s\u00e9nek tervez\u00e9si \u00e9s m\u0171szaki dokument\u00e1ci\u00f3j\u00e1nak elk\u00e9sz\u00edt\u00e9se. Nagy figyelmet ford\u00edtanak a lakoss\u00e1gi figyelemfelkelt\u00e9st \u00e9s a ker\u00e9kp\u00e1ros turizmus n\u00e9pszer\u0171s\u00edt\u00e9s\u00e9t szolg\u00e1l\u00f3 k\u00eds\u00e9r\u0151 tev\u00e9kenys\u00e9gekre, egy\u00fattal a v\u00e9dett ter\u00fcletek l\u00e1togat\u00e1s\u00e1nak el\u0151nyben r\u00e9szes\u00edt\u00e9s\u00e9re.<\/p>\n<p>Tervez\u00e9si \u00e9s m\u0171szaki dokument\u00e1ci\u00f3 k\u00e9sz\u00fcl az EV 11 nyomvonal k\u00f6vetkez\u0151 szakaszaira a szerb oldalon:<\/p>\n<p>I Szakasz<\/p><p>A ker\u00e9kp\u00e1ros \u00fatvonal az IB \u00e1llami k\u00f6z\u00fat 13-as vonal\u00e1n, a horgosi hat\u00e1r\u00e1tkel\u0151t\u0151l a horgosi telep\u00fcl\u00e9sen tal\u00e1lhat\u00f3 Kamar\u00e1si \u00e9s Bart\u00f3k B\u00e9la utc\u00e1k keresztez\u0151d\u00e9s\u00e9ig vezet, mintegy 1,4 km hosszban;<\/p>\n<p>II Szakasz<\/p><p>A ker\u00e9kp\u00e1ros \u00fatvonal az IB \u00e1llami \u00fat 13-as vonal\u00e1n halad a Kamar\u00e1si \u00e9s a Bart\u00f3k B\u00e9la utc\u00e1k keresztez\u0151d\u00e9s\u00e9t\u0151l a horgosi k\u00f6rforgalomig (a Nagy, Bart\u00f3k B\u00e9la \u00e9s Vas\u00fat utc\u00e1k keresztez\u0151d\u00e9se az IB 13-as sz\u00e1m\u00fa k\u00f6z\u00fattal), k\u00f6r\u00fclbel\u00fcl 1,1 km hosszban;<\/p>\n<p>III Szakasz<\/p><p>A ker\u00e9kp\u00e1r\u00fat az IB-13-as \u00e1llami \u00fat nyomvonal\u00e1t k\u00f6veti, az IB-13-as \u00fat \u00e9s a Szabads\u00e1g utca keresztez\u0151d\u00e9s\u00e9t\u0151l (Horgosi telep\u00fcl\u00e9s kij\u00e1rata) az IB-13-as \u00fat \u00e9s a kanizsai Gagarin utca keresztez\u0151d\u00e9s\u00e9ig. A szakasz hossza kb. 8,2 km.;<\/p>\n<p class=\"MsoNormal\">IVa Szakasz<o:p><\/o:p><\/p>\n<p class=\"MsoNormal\">A Meggyest\u0151l Csantav\u00e9rig vezet\u0151 119.1-es sz\u00e1m\u00fa \u00e1llami k\u00f6z\u00fatr\u00f3l indulva, a Tit\u00f3 Marsall utca \u00e9s az Orom fel\u00e9 vezet\u0151 falusi \u00fat keresztez\u0151d\u00e9s\u00e9t\u0151l kezdve a csantav\u00e9ri Tit\u00f3 Marsall utca \u00e9s a Pionir utca keresztez\u0151d\u00e9s\u00e9ig. Teljes hossza: 2,1 km;<o:p><\/o:p><\/p>\n<p class=\"MsoNormal\">IVb Szakasz<o:p><\/o:p><\/p>\n<p><\/p>\n<p class=\"MsoNormal\">A 303-as f\u0151\u00fat Csantav\u00e9ren, a Tit\u00f3 Marsall utc\u00e1t\u00f3l \u00e9s a Szenttam\u00e1s utca keresztez\u0151d\u00e9s\u00e9t\u0151l kezdve a Tit\u00f3 Marsall \u00e9s a Nikola Tesla utc\u00e1k keresztez\u0151d\u00e9s\u00e9ig. Teljes hossza: 1 km.<o:p><\/o:p><\/p>\n<p>Azok a szakaszok, amelyek Szerbi\u00e1ban szerepelni fognak a tervez\u00e9si \u00e9s m\u0171szaki dokument\u00e1ci\u00f3ban.<\/p>\t\t\t\t\t\t<\/div>\n\t\t\t\t<\/div>\n\t\t\t\t\t<\/div>\n\t\t<\/div>\n\t\t\t\t<div class=\"elementor-column elementor-col-50 elementor-top-column elementor-element elementor-element-82ddda5\" data-id=\"82ddda5\" data-element_type=\"column\">\n\t\t\t<div class=\"elementor-widget-wrap elementor-element-populated\">\n\t\t\t\t\t\t\t\t<div class=\"elementor-element elementor-element-8109381 elementor-widget elementor-widget-text-editor\" data-id=\"8109381\" data-element_type=\"widget\" data-widget_type=\"text-editor.default\">\n\t\t\t\t<div class=\"elementor-widget-container\">\n\t\t\t\t\t\t\t<h4>A PARTNEREK SZEREPE MAGYARORSZ\u00c1GON<\/h4>\n<p>Magyarorsz\u00e1gon a projekt-tev\u00e9kenys\u00e9gek t\u00f6bb hat\u00e1r menti telep\u00fcl\u00e9st \u00f6sszek\u00f6t\u0151 ker\u00e9kp\u00e1r\u00fat \u00e9p\u00edt\u00e9si projekt-m\u0171szaki dokument\u00e1ci\u00f3j\u00e1nak elk\u00e9sz\u00edt\u00e9s\u00e9hez kapcsol\u00f3dnak.<\/p>\n<p>A terv- \u00e9s m\u0171szaki dokument\u00e1ci\u00f3 az al\u00e1bbi magyarorsz\u00e1gi szakaszokra k\u00e9sz\u00fcl el, Szentmih\u00e1ly telep\u00fcl\u00e9st\u0151l R\u00f6szke telep\u00fcl\u00e9sig, k\u00e9toldali ker\u00e9kp\u00e1r\u00fatk\u00e9nt.<\/p>\n<p>4-es K\u00e9p<br>A magyarorsz\u00e1gi tervez\u00e9si \u00e9s m\u0171szaki dokument\u00e1ci\u00f3ban szerepl\u0151 szakaszok. <\/p>\t\t\t\t\t\t<\/div>\n\t\t\t\t<\/div>\n\t\t\t\t<div class=\"elementor-element elementor-element-f0bfbc3 elementor-widget elementor-widget-image\" data-id=\"f0bfbc3\" data-element_type=\"widget\" data-widget_type=\"image.default\">\n\t\t\t\t<div class=\"elementor-widget-container\">\n\t\t\t<style>\/*! elementor - v3.17.0 - 08-11-2023 *\/\n.elementor-widget-image{text-align:center}.elementor-widget-image a{display:inline-block}.elementor-widget-image a img[src$=\".svg\"]{width:48px}.elementor-widget-image img{vertical-align:middle;display:inline-block}<\/style>\t\t\t\t\t\t\t\t\t\t\t\t<img loading=\"lazy\" decoding=\"async\" width=\"732\" height=\"510\" src=\"https:\/\/ecobikenet.com\/wp-content\/uploads\/2022\/07\/Broshura-SRB_6.jpg\" class=\"attachment-large size-large wp-image-622\" alt=\"\" srcset=\"https:\/\/ecobikenet.com\/wp-content\/uploads\/2022\/07\/Broshura-SRB_6.jpg 732w, https:\/\/ecobikenet.com\/wp-content\/uploads\/2022\/07\/Broshura-SRB_6-300x209.jpg 300w\" sizes=\"auto, (max-width: 732px) 100vw, 732px\" \/>\t\t\t\t\t\t\t\t\t\t\t\t\t\t\t<\/div>\n\t\t\t\t<\/div>\n\t\t\t\t<div class=\"elementor-element elementor-element-af49a8b elementor-widget elementor-widget-image\" data-id=\"af49a8b\" data-element_type=\"widget\" data-widget_type=\"image.default\">\n\t\t\t\t<div class=\"elementor-widget-container\">\n\t\t\t\t\t\t\t\t\t\t\t\t\t\t\t<img loading=\"lazy\" decoding=\"async\" width=\"731\" height=\"643\" src=\"https:\/\/ecobikenet.com\/wp-content\/uploads\/2022\/07\/Broshura-SRB_5.jpg\" class=\"attachment-large size-large wp-image-643\" alt=\"\" srcset=\"https:\/\/ecobikenet.com\/wp-content\/uploads\/2022\/07\/Broshura-SRB_5.jpg 731w, https:\/\/ecobikenet.com\/wp-content\/uploads\/2022\/07\/Broshura-SRB_5-300x264.jpg 300w\" sizes=\"auto, (max-width: 731px) 100vw, 731px\" \/>\t\t\t\t\t\t\t\t\t\t\t\t\t\t\t<\/div>\n\t\t\t\t<\/div>\n\t\t\t\t\t<\/div>\n\t\t<\/div>\n\t\t\t\t\t\t\t<\/div>\n\t\t<\/section>\n\t\t\t\t\t\t\t<\/div>\n\t\t","protected":false},"excerpt":{"rendered":"<p>About Az INTERREG-IPA CBC MAGYARORSZ\u00c1G-SZERBIA PROGRAMJ\u00c1R\u00d3L Az Interreg-IPA hat\u00e1ron \u00e1tny\u00fal\u00f3 Magyarorsz\u00e1g-Szerbia egy\u00fcttm\u0171k\u00f6d\u00e9si program az Eur\u00f3pai Uni\u00f3 2014-2020 k\u00f6z\u00f6tti p\u00e9nz\u00fcgyi id\u0151szak\u00e1ban, az El\u0151csatlakoz\u00e1si T\u00e1mogat\u00e1si Eszk\u00f6z\u00f6n (IPA) kereszt\u00fcl val\u00f3sul meg. Az Interreg-IPA hat\u00e1ron \u00e1tny\u00fal\u00f3 Magyarorsz\u00e1g-Szerbia egy\u00fcttm\u0171k\u00f6d\u00e9si program az Eur\u00f3pai Uni\u00f3 2014-2020 k\u00f6z\u00f6tti p\u00e9nz\u00fcgyi id\u0151szak\u00e1ban, az El\u0151csatlakoz\u00e1si T\u00e1mogat\u00e1si Eszk\u00f6z\u00f6n (IPA) kereszt\u00fcl val\u00f3sul meg. A programban a r\u00e9szt vev\u0151 &hellip;<\/p>\n<p class=\"read-more\"> <a class=\"\" href=\"https:\/\/ecobikenet.com\/hu\/about\/\"> <span class=\"screen-reader-text\">About<\/span> Read More \u00bb<\/a><\/p>\n","protected":false},"author":2,"featured_media":0,"parent":0,"menu_order":0,"comment_status":"closed","ping_status":"closed","template":"","meta":{"_uag_custom_page_level_css":"","site-sidebar-layout":"no-sidebar","site-content-layout":"page-builder","ast-site-content-layout":"","site-content-style":"default","site-sidebar-style":"default","ast-global-header-display":"","ast-banner-title-visibility":"","ast-main-header-display":"","ast-hfb-above-header-display":"","ast-hfb-below-header-display":"","ast-hfb-mobile-header-display":"","site-post-title":"disabled","ast-breadcrumbs-content":"","ast-featured-img":"disabled","footer-sml-layout":"","theme-transparent-header-meta":"enabled","adv-header-id-meta":"","stick-header-meta":"","header-above-stick-meta":"","header-main-stick-meta":"","header-below-stick-meta":"","astra-migrate-meta-layouts":"","ast-page-background-enabled":"default","ast-page-background-meta":{"desktop":{"background-color":"","background-image":"","background-repeat":"repeat","background-position":"center center","background-size":"auto","background-attachment":"scroll","background-type":"","background-media":"","overlay-type":"","overlay-color":"","overlay-gradient":""},"tablet":{"background-color":"","background-image":"","background-repeat":"repeat","background-position":"center center","background-size":"auto","background-attachment":"scroll","background-type":"","background-media":"","overlay-type":"","overlay-color":"","overlay-gradient":""},"mobile":{"background-color":"","background-image":"","background-repeat":"repeat","background-position":"center center","background-size":"auto","background-attachment":"scroll","background-type":"","background-media":"","overlay-type":"","overlay-color":"","overlay-gradient":""}},"ast-content-background-meta":{"desktop":{"background-color":"var(--ast-global-color-5)","background-image":"","background-repeat":"repeat","background-position":"center center","background-size":"auto","background-attachment":"scroll","background-type":"","background-media":"","overlay-type":"","overlay-color":"","overlay-gradient":""},"tablet":{"background-color":"var(--ast-global-color-5)","background-image":"","background-repeat":"repeat","background-position":"center center","background-size":"auto","background-attachment":"scroll","background-type":"","background-media":"","overlay-type":"","overlay-color":"","overlay-gradient":""},"mobile":{"background-color":"var(--ast-global-color-5)","background-image":"","background-repeat":"repeat","background-position":"center center","background-size":"auto","background-attachment":"scroll","background-type":"","background-media":"","overlay-type":"","overlay-color":"","overlay-gradient":""}},"footnotes":""},"class_list":["post-1617","page","type-page","status-publish","hentry"],"uagb_featured_image_src":{"full":false,"thumbnail":false,"medium":false,"medium_large":false,"large":false,"1536x1536":false,"2048x2048":false},"uagb_author_info":{"display_name":"Pettra","author_link":"https:\/\/ecobikenet.com\/hu\/author\/pettra_veladvisor\/"},"uagb_comment_info":0,"uagb_excerpt":"About Az INTERREG-IPA CBC MAGYARORSZ\u00c1G-SZERBIA PROGRAMJ\u00c1R\u00d3L Az Interreg-IPA hat\u00e1ron \u00e1tny\u00fal\u00f3 Magyarorsz\u00e1g-Szerbia egy\u00fcttm\u0171k\u00f6d\u00e9si program az Eur\u00f3pai Uni\u00f3 2014-2020 k\u00f6z\u00f6tti p\u00e9nz\u00fcgyi id\u0151szak\u00e1ban, az El\u0151csatlakoz\u00e1si T\u00e1mogat\u00e1si Eszk\u00f6z\u00f6n (IPA) kereszt\u00fcl val\u00f3sul meg. Az Interreg-IPA hat\u00e1ron \u00e1tny\u00fal\u00f3 Magyarorsz\u00e1g-Szerbia egy\u00fcttm\u0171k\u00f6d\u00e9si program az Eur\u00f3pai Uni\u00f3 2014-2020 k\u00f6z\u00f6tti p\u00e9nz\u00fcgyi id\u0151szak\u00e1ban, az El\u0151csatlakoz\u00e1si T\u00e1mogat\u00e1si Eszk\u00f6z\u00f6n (IPA) kereszt\u00fcl val\u00f3sul meg. A programban a r\u00e9szt vev\u0151&hellip;","_links":{"self":[{"href":"https:\/\/ecobikenet.com\/hu\/wp-json\/wp\/v2\/pages\/1617","targetHints":{"allow":["GET"]}}],"collection":[{"href":"https:\/\/ecobikenet.com\/hu\/wp-json\/wp\/v2\/pages"}],"about":[{"href":"https:\/\/ecobikenet.com\/hu\/wp-json\/wp\/v2\/types\/page"}],"author":[{"embeddable":true,"href":"https:\/\/ecobikenet.com\/hu\/wp-json\/wp\/v2\/users\/2"}],"replies":[{"embeddable":true,"href":"https:\/\/ecobikenet.com\/hu\/wp-json\/wp\/v2\/comments?post=1617"}],"version-history":[{"count":1,"href":"https:\/\/ecobikenet.com\/hu\/wp-json\/wp\/v2\/pages\/1617\/revisions"}],"predecessor-version":[{"id":1618,"href":"https:\/\/ecobikenet.com\/hu\/wp-json\/wp\/v2\/pages\/1617\/revisions\/1618"}],"wp:attachment":[{"href":"https:\/\/ecobikenet.com\/hu\/wp-json\/wp\/v2\/media?parent=1617"}],"curies":[{"name":"wp","href":"https:\/\/api.w.org\/{rel}","templated":true}]}}